{"id":4255,"date":"2019-09-20T07:33:12","date_gmt":"2019-09-20T07:33:12","guid":{"rendered":"https:\/\/site-dev.ca\/2434SM\/about\/"},"modified":"2021-02-08T15:54:17","modified_gmt":"2021-02-08T20:54:17","slug":"a-propos","status":"publish","type":"page","link":"https:\/\/thedesignerguys.ca\/fr\/","title":{"rendered":"\u00c0 Propos"},"content":{"rendered":"\t\t<div data-elementor-type=\"wp-page\" data-elementor-id=\"4255\" class=\"elementor elementor-4255 elementor-189\">\n\t\t\t\t\t\t<section class=\"elementor-section elementor-top-section elementor-element elementor-element-a274730 elementor-section-full_width container-fluid bg-light elementor-section-height-default elementor-section-height-default\" data-id=\"a274730\" data-element_type=\"section\" data-e-type=\"section\">\n\t\t\t\t\t\t<div class=\"elementor-container elementor-column-gap-no\">\n\t\t\t\t\t<div class=\"elementor-column elementor-col-100 elementor-top-column elementor-element elementor-element-cd4f8d2\" data-id=\"cd4f8d2\" data-element_type=\"column\" data-e-type=\"column\">\n\t\t\t<div class=\"elementor-widget-wrap elementor-element-populated\">\n\t\t\t\t\t\t<section class=\"elementor-section elementor-inner-section elementor-element elementor-element-6f9a7b4 elementor-section-full_width bg-white elementor-section-height-default elementor-section-height-default\" data-id=\"6f9a7b4\" data-element_type=\"section\" data-e-type=\"section\">\n\t\t\t\t\t\t<div class=\"elementor-container elementor-column-gap-no\">\n\t\t\t\t\t<div class=\"elementor-column elementor-col-100 elementor-inner-column elementor-element elementor-element-5385317\" data-id=\"5385317\" data-element_type=\"column\" data-e-type=\"column\">\n\t\t\t<div class=\"elementor-widget-wrap elementor-element-populated\">\n\t\t\t\t\t\t<div class=\"elementor-element elementor-element-e52156c elementor-widget elementor-widget-cassio-widget-parallax-background\" data-id=\"e52156c\" data-element_type=\"widget\" data-e-type=\"widget\" data-widget_type=\"cassio-widget-parallax-background.default\">\n\t\t\t\t<div class=\"elementor-widget-container\">\n\t\t\t\t\t\n\t\t<div class=\"section section-image section text-center\">\n\t\t\t\t\t\t\t\t\t\t\t\t\t\t\t\t\t\t\t\t\t\t\t\t\t\t<div class=\"section-image__wrapper\" >\n\t\t\t\t\t\t\t\t\t\t\t<div class=\"art-parallax__wrapper\">\n\t\t\t\t\t\t\t\t\t\t\t\t\t<img decoding=\"async\" class=\"art-parallax__bg lazy-bg of-cover\" src=\"data:image\/png;base64,iVBORw0KGgoAAAANSUhEUgAAAAEAAAABCAQAAAHCGzyUAAAABGdBTUEAALGPC\/xhBQAAADhlWElmTU0AKgAAAAgAAYdpAAQAAAABAAAAGgAAAAAAAqACAAQAAAABAAAAAaADAAQAAAABAAAAAQAAAADa6r\/EAAAAC0lEQVQI12NolQQAASYAn89qhTcAAAAASUVORK5CYII=\" data-src=\"https:\/\/thedesignerguys.ca\/wp-content\/uploads\/2021\/01\/2.jpg\" data-srcset=\"https:\/\/thedesignerguys.ca\/wp-content\/uploads\/2021\/01\/2.jpg 1800w, https:\/\/thedesignerguys.ca\/wp-content\/uploads\/2021\/01\/2-300x200.jpg 300w, https:\/\/thedesignerguys.ca\/wp-content\/uploads\/2021\/01\/2-768x512.jpg 768w, https:\/\/thedesignerguys.ca\/wp-content\/uploads\/2021\/01\/2-1024x683.jpg 1024w\" data-sizes=\"(max-width: 1800px) 100vw, 1800px\" alt=\"\"  \/>\n\t\t\t\t\t\t\t\t\t\t\t  <\/div>\n\t\t\t\t\t\t\t\t\t\t\t\t\t<\/div>\n\t\t\t\t\t\t\t\t\t\t\t\t\t\t\t\t\t\t\t<\/div>\n\n\t\t\t\t\t\t<\/div>\n\t\t\t\t<\/div>\n\t\t\t\t\t<\/div>\n\t\t<\/div>\n\t\t\t\t\t<\/div>\n\t\t<\/section>\n\t\t\t\t\t<\/div>\n\t\t<\/div>\n\t\t\t\t\t<\/div>\n\t\t<\/section>\n\t\t\t\t<section class=\"elementor-section elementor-top-section elementor-element elementor-element-0ee1259 elementor-section-full_width container-fluid bg-light elementor-section-height-default elementor-section-height-default\" data-id=\"0ee1259\" data-element_type=\"section\" data-e-type=\"section\">\n\t\t\t\t\t\t<div class=\"elementor-container elementor-column-gap-no\">\n\t\t\t\t\t<div class=\"elementor-column elementor-col-100 elementor-top-column elementor-element elementor-element-51b958a\" data-id=\"51b958a\" data-element_type=\"column\" data-e-type=\"column\">\n\t\t\t<div class=\"elementor-widget-wrap elementor-element-populated\">\n\t\t\t\t\t\t<section class=\"elementor-section elementor-inner-section elementor-element elementor-element-dbc00f0 section_pt section_pb bg-white container-fluid elementor-section-boxed elementor-section-height-default elementor-section-height-default\" data-id=\"dbc00f0\" data-element_type=\"section\" data-e-type=\"section\">\n\t\t\t\t\t\t<div class=\"elementor-container elementor-column-gap-no\">\n\t\t\t\t\t<div class=\"elementor-column elementor-col-100 elementor-inner-column elementor-element elementor-element-78daf9e\" data-id=\"78daf9e\" data-element_type=\"column\" data-e-type=\"column\">\n\t\t\t<div class=\"elementor-widget-wrap elementor-element-populated\">\n\t\t\t\t\t\t<div class=\"elementor-element elementor-element-b8504c3 elementor-widget elementor-widget-text-editor\" data-id=\"b8504c3\" data-element_type=\"widget\" data-e-type=\"widget\" data-widget_type=\"text-editor.default\">\n\t\t\t\t<div class=\"elementor-widget-container\">\n\t\t\t\t\t\t\t\t\t<p><strong>Bernacki &amp; Beaudry Design<\/strong> est fier de c\u00e9l\u00e9brer ses 33 ans en affaires.<\/p><p>Il est temps d\u2019expliquer pourquoi nous sommes loin devant nos comp\u00e9titeurs en design\/cr\u00e9ation dans notre r\u00e9gion. Ce sont notre approche et notre originalit\u00e9 qui ont pav\u00e9s le succ\u00e8s qui nous distingue. La meilleure preuve est le retour r\u00e9gulier de notre pr\u00e9cieuse client\u00e8le.<\/p><p>Notre programme <strong>Design Compr\u00e9hensif <\/strong>consiste de 3 phases\u00a0:<\/p><ul><li>La planification (selon vos go\u00fbts et vos d\u00e9sirs)<\/li><li>La cr\u00e9ation (avec votre approbation)<\/li><li>La r\u00e9alisation<\/li><\/ul><p>Sentez-vous \u00e0 l\u2019aise de communiquer avec nous pour tout vos projets de d\u00e9corations, r\u00e9novations et\/ou constructions.<\/p>\t\t\t\t\t\t\t\t<\/div>\n\t\t\t\t<\/div>\n\t\t\t\t\t<\/div>\n\t\t<\/div>\n\t\t\t\t\t<\/div>\n\t\t<\/section>\n\t\t\t\t\t<\/div>\n\t\t<\/div>\n\t\t\t\t\t<\/div>\n\t\t<\/section>\n\t\t\t\t<section class=\"elementor-section elementor-top-section elementor-element elementor-element-fbf49da elementor-section-boxed elementor-section-height-default elementor-section-height-default\" data-id=\"fbf49da\" data-element_type=\"section\" data-e-type=\"section\">\n\t\t\t\t\t\t<div class=\"elementor-container elementor-column-gap-default\">\n\t\t\t\t\t<div class=\"elementor-column elementor-col-50 elementor-top-column elementor-element elementor-element-ec0c09d\" data-id=\"ec0c09d\" data-element_type=\"column\" data-e-type=\"column\">\n\t\t\t<div class=\"elementor-widget-wrap elementor-element-populated\">\n\t\t\t\t\t\t<div class=\"elementor-element elementor-element-d1a39f7 elementor-widget elementor-widget-image\" data-id=\"d1a39f7\" data-element_type=\"widget\" data-e-type=\"widget\" data-widget_type=\"image.default\">\n\t\t\t\t<div class=\"elementor-widget-container\">\n\t\t\t\t\t\t\t\t\t\t\t\t\t\t\t<img decoding=\"async\" src=\"https:\/\/thedesignerguys.ca\/wp-content\/uploads\/elementor\/thumbs\/ryan-1-owv2t7sceiawp8vm4qqjsny0e7r6bkeaie7gnqrmfi.jpg\" title=\"ryan\" alt=\"ryan\" loading=\"lazy\" \/>\t\t\t\t\t\t\t\t\t\t\t\t\t\t\t<\/div>\n\t\t\t\t<\/div>\n\t\t\t\t\t<\/div>\n\t\t<\/div>\n\t\t\t\t<div class=\"elementor-column elementor-col-50 elementor-top-column elementor-element elementor-element-8525132\" data-id=\"8525132\" data-element_type=\"column\" data-e-type=\"column\">\n\t\t\t<div class=\"elementor-widget-wrap elementor-element-populated\">\n\t\t\t\t\t\t<div class=\"elementor-element elementor-element-80ab8e4 elementor-widget elementor-widget-text-editor\" data-id=\"80ab8e4\" data-element_type=\"widget\" data-e-type=\"widget\" data-widget_type=\"text-editor.default\">\n\t\t\t\t<div class=\"elementor-widget-container\">\n\t\t\t\t\t\t\t\t\t<h3>Ryan Bernacki<\/h3><h5>Fondateur<\/h5><p>Ryan a d\u00e9but\u00e9 sa carri\u00e8re \u00e0 l\u2019\u00e2ge de 16 ans lorsqu\u2019il a dessin\u00e9 et construit sa propre maison sous la supervision de son p\u00e8re, entrepreneur en construction.<\/p><p>Tout en faisant des \u00e9tudes en optom\u00e9trie ce dont il a gradu\u00e9 et \u0153uvr\u00e9 pendant 7 ans, il dessinait et construisait des r\u00e9sidences et des commerces durant l\u2019\u00e9t\u00e9. Cela lui a permis de parfaire ses connaissances dans le domaine. Apr\u00e8s avoir quitt\u00e9 Calgary pour am\u00e9nager \u00e0 Ottawa en 1990, il s\u2019est joint au succ\u00e8s de Beaudry\u2019s Silk Greenhouse et a commenc\u00e9 \u00e0 travailler dans la conception de d\u00e9corations int\u00e9rieures\u2026..\u00e9clairage, ameublement, accessoires et planifications int\u00e9rieures et ext\u00e9rieures.<\/p><p>Ryan aime aider les gens \u00e0 cr\u00e9er un espace de vie agr\u00e9able et aussi \u00e0 faire partie de projets commerciaux du d\u00e9but \u00e0 la fin.\u00a0\u00a0<\/p>\t\t\t\t\t\t\t\t<\/div>\n\t\t\t\t<\/div>\n\t\t\t\t\t<\/div>\n\t\t<\/div>\n\t\t\t\t\t<\/div>\n\t\t<\/section>\n\t\t\t\t<section class=\"elementor-section elementor-top-section elementor-element elementor-element-f8f95b8 elementor-section-boxed elementor-section-height-default elementor-section-height-default\" data-id=\"f8f95b8\" data-element_type=\"section\" data-e-type=\"section\">\n\t\t\t\t\t\t<div class=\"elementor-container elementor-column-gap-default\">\n\t\t\t\t\t<div class=\"elementor-column elementor-col-50 elementor-top-column elementor-element elementor-element-50160c8\" data-id=\"50160c8\" data-element_type=\"column\" data-e-type=\"column\">\n\t\t\t<div class=\"elementor-widget-wrap elementor-element-populated\">\n\t\t\t\t\t\t<div class=\"elementor-element elementor-element-8c0733c elementor-widget elementor-widget-image\" data-id=\"8c0733c\" data-element_type=\"widget\" data-e-type=\"widget\" data-widget_type=\"image.default\">\n\t\t\t\t<div class=\"elementor-widget-container\">\n\t\t\t\t\t\t\t\t\t\t\t\t\t\t\t<img decoding=\"async\" src=\"https:\/\/thedesignerguys.ca\/wp-content\/uploads\/elementor\/thumbs\/gerry-p2ku8w0lhk8s3t7d7t7osi8oumqjexko8twm4ly7ny.jpg\" title=\"gerry\" alt=\"gerry\" loading=\"lazy\" \/>\t\t\t\t\t\t\t\t\t\t\t\t\t\t\t<\/div>\n\t\t\t\t<\/div>\n\t\t\t\t\t<\/div>\n\t\t<\/div>\n\t\t\t\t<div class=\"elementor-column elementor-col-50 elementor-top-column elementor-element elementor-element-3a36212\" data-id=\"3a36212\" data-element_type=\"column\" data-e-type=\"column\">\n\t\t\t<div class=\"elementor-widget-wrap elementor-element-populated\">\n\t\t\t\t\t\t<div class=\"elementor-element elementor-element-fabde82 elementor-widget elementor-widget-text-editor\" data-id=\"fabde82\" data-element_type=\"widget\" data-e-type=\"widget\" data-widget_type=\"text-editor.default\">\n\t\t\t\t<div class=\"elementor-widget-container\">\n\t\t\t\t\t\t\t\t\t<h3>GERRY BEAUDRY<\/h3>\n<h5>Fondateur<\/h5>\nGerry a commenc\u00e9 dans le domaine de la\u00a0 d\u00e9coration en cr\u00e9ant Beaudry\u2019s Silk Greenhouse. Une entreprise comprenant un magasin de d\u00e9tails de 4 000 pi. c.a. et un entrep\u00f4t de 20 000 pi.ca. offrant un vaste choix de plantes artificielles, d\u2019arrangements floraux et articles de d\u00e9corations \u00e0 la population de l\u2019est d\u2019Ottawa. Un autre site commercial de 3 000 pi. ca. a suivi dans l\u2019ouest de la Ville.\n\nComme Gerry visitait les propri\u00e9t\u00e9s des clients pour les arrangements floraux, ceux-ci lui demandait son avis sur les couleurs, le style, etc\u2026 Il \u00e9tait naturel pour lui de conseiller les clients sur leur am\u00e9nagement int\u00e9rieur. Suite a cela, il a agrandi son rayon d\u2019articles de d\u00e9corations.\n\nEt puis, Gerry a r\u00e9alis\u00e9 que sa passion \u00e9tait de la d\u00e9coration dans sa totalit\u00e9. La d\u00e9cision fut prise de fermer Beaudry\u2019s Silk Greenhouse et de se consacrer exclusivement \u00e0 la mise en place du d\u00e9veloppement, \u00a0de la cr\u00e9ation, de la d\u00e9coration int\u00e9rieure et ext\u00e9rieure r\u00e9sidentiel et commercial tout en gardant sa premi\u00e8re activit\u00e9\u2026.les plantes artificielles.\n\nFort de ses 33 ann\u00e9es d\u2019exp\u00e9riences et de son \u00e9quipe, Gerry offre les plus hauts standards d\u2019int\u00e9grit\u00e9 et de professionnalisme pour tout projet d\u2019envergure r\u00e9sidentiel et commercial en planification et en fonctionnalit\u00e9 d\u2019espaces tout en gardant en\u00a0 t\u00eate la capacit\u00e9 budg\u00e9taire de chacun de ses clients.\n\nGerry \u0153uvre en fran\u00e7ais et en anglais \u00e0 Ottawa\/Gatineau et ses environs.\t\t\t\t\t\t\t\t<\/div>\n\t\t\t\t<\/div>\n\t\t\t\t\t<\/div>\n\t\t<\/div>\n\t\t\t\t\t<\/div>\n\t\t<\/section>\n\t\t\t\t<section class=\"elementor-section elementor-top-section elementor-element elementor-element-85a0892 elementor-section-boxed elementor-section-height-default elementor-section-height-default\" data-id=\"85a0892\" data-element_type=\"section\" data-e-type=\"section\">\n\t\t\t\t\t\t<div class=\"elementor-container elementor-column-gap-default\">\n\t\t\t\t\t<div class=\"elementor-column elementor-col-100 elementor-top-column elementor-element elementor-element-e9afedd\" data-id=\"e9afedd\" data-element_type=\"column\" data-e-type=\"column\">\n\t\t\t<div class=\"elementor-widget-wrap elementor-element-populated\">\n\t\t\t\t\t\t<div class=\"elementor-element elementor-element-675acc1 elementor-widget elementor-widget-heading\" data-id=\"675acc1\" data-element_type=\"widget\" data-e-type=\"widget\" data-widget_type=\"heading.default\">\n\t\t\t\t<div class=\"elementor-widget-container\">\n\t\t\t\t\t<h2 class=\"elementor-heading-title elementor-size-default\">NOS PROMESSES ENVERS VOUS<\/h2>\t\t\t\t<\/div>\n\t\t\t\t<\/div>\n\t\t\t\t\t<\/div>\n\t\t<\/div>\n\t\t\t\t\t<\/div>\n\t\t<\/section>\n\t\t\t\t<section class=\"elementor-section elementor-top-section elementor-element elementor-element-6c7e41c elementor-section-boxed elementor-section-height-default elementor-section-height-default\" data-id=\"6c7e41c\" data-element_type=\"section\" data-e-type=\"section\">\n\t\t\t\t\t\t<div class=\"elementor-container elementor-column-gap-default\">\n\t\t\t\t\t<div class=\"elementor-column elementor-col-33 elementor-top-column elementor-element elementor-element-bb832f6\" data-id=\"bb832f6\" data-element_type=\"column\" data-e-type=\"column\">\n\t\t\t<div class=\"elementor-widget-wrap elementor-element-populated\">\n\t\t\t\t\t\t<div class=\"elementor-element elementor-element-f8fb926 elementor-widget elementor-widget-text-editor\" data-id=\"f8fb926\" data-element_type=\"widget\" data-e-type=\"widget\" data-widget_type=\"text-editor.default\">\n\t\t\t\t<div class=\"elementor-widget-container\">\n\t\t\t\t\t\t\t\t\t<h3>1<\/h3><p>Nous vous guiderons efficacement dans tous les aspects de votre projet.<\/p>\t\t\t\t\t\t\t\t<\/div>\n\t\t\t\t<\/div>\n\t\t\t\t\t<\/div>\n\t\t<\/div>\n\t\t\t\t<div class=\"elementor-column elementor-col-33 elementor-top-column elementor-element elementor-element-33da3dc\" data-id=\"33da3dc\" data-element_type=\"column\" data-e-type=\"column\">\n\t\t\t<div class=\"elementor-widget-wrap elementor-element-populated\">\n\t\t\t\t\t\t<div class=\"elementor-element elementor-element-ecc4d02 elementor-widget elementor-widget-text-editor\" data-id=\"ecc4d02\" data-element_type=\"widget\" data-e-type=\"widget\" data-widget_type=\"text-editor.default\">\n\t\t\t\t<div class=\"elementor-widget-container\">\n\t\t\t\t\t\t\t\t\t<h3>2<\/h3><p>Nous respecterons votre intimit\u00e9 et votre espace.<\/p>\t\t\t\t\t\t\t\t<\/div>\n\t\t\t\t<\/div>\n\t\t\t\t\t<\/div>\n\t\t<\/div>\n\t\t\t\t<div class=\"elementor-column elementor-col-33 elementor-top-column elementor-element elementor-element-f8032ce\" data-id=\"f8032ce\" data-element_type=\"column\" data-e-type=\"column\">\n\t\t\t<div class=\"elementor-widget-wrap elementor-element-populated\">\n\t\t\t\t\t\t<div class=\"elementor-element elementor-element-f79744f elementor-widget elementor-widget-text-editor\" data-id=\"f79744f\" data-element_type=\"widget\" data-e-type=\"widget\" data-widget_type=\"text-editor.default\">\n\t\t\t\t<div class=\"elementor-widget-container\">\n\t\t\t\t\t\t\t\t\t<h3>3<\/h3><p>Nous communiquerons avec vous r\u00e9guli\u00e8rement de la fa\u00e7on que vous pr\u00e9f\u00e9rez.<\/p>\t\t\t\t\t\t\t\t<\/div>\n\t\t\t\t<\/div>\n\t\t\t\t\t<\/div>\n\t\t<\/div>\n\t\t\t\t\t<\/div>\n\t\t<\/section>\n\t\t\t\t<section class=\"elementor-section elementor-top-section elementor-element elementor-element-5a3aed2 elementor-section-boxed elementor-section-height-default elementor-section-height-default\" data-id=\"5a3aed2\" data-element_type=\"section\" data-e-type=\"section\">\n\t\t\t\t\t\t<div class=\"elementor-container elementor-column-gap-default\">\n\t\t\t\t\t<div class=\"elementor-column elementor-col-33 elementor-top-column elementor-element elementor-element-ea0bdc9\" data-id=\"ea0bdc9\" data-element_type=\"column\" data-e-type=\"column\">\n\t\t\t<div class=\"elementor-widget-wrap elementor-element-populated\">\n\t\t\t\t\t\t<div class=\"elementor-element elementor-element-0e791b3 elementor-widget elementor-widget-text-editor\" data-id=\"0e791b3\" data-element_type=\"widget\" data-e-type=\"widget\" data-widget_type=\"text-editor.default\">\n\t\t\t\t<div class=\"elementor-widget-container\">\n\t\t\t\t\t\t\t\t\t<h3>4<\/h3><p>Nous ferons le travail en un temps raisonnable, efficace et surtout en beaut\u00e9.<\/p>\t\t\t\t\t\t\t\t<\/div>\n\t\t\t\t<\/div>\n\t\t\t\t\t<\/div>\n\t\t<\/div>\n\t\t\t\t<div class=\"elementor-column elementor-col-33 elementor-top-column elementor-element elementor-element-432423e\" data-id=\"432423e\" data-element_type=\"column\" data-e-type=\"column\">\n\t\t\t<div class=\"elementor-widget-wrap elementor-element-populated\">\n\t\t\t\t\t\t<div class=\"elementor-element elementor-element-61e4cef elementor-widget elementor-widget-text-editor\" data-id=\"61e4cef\" data-element_type=\"widget\" data-e-type=\"widget\" data-widget_type=\"text-editor.default\">\n\t\t\t\t<div class=\"elementor-widget-container\">\n\t\t\t\t\t\t\t\t\t<h3>5<\/h3><p>Nous choisirons des mat\u00e9riaux d\u2019esth\u00e9tique durables et appropri\u00e9s au projet tout en respectant l\u2019environnement.<\/p>\t\t\t\t\t\t\t\t<\/div>\n\t\t\t\t<\/div>\n\t\t\t\t\t<\/div>\n\t\t<\/div>\n\t\t\t\t<div class=\"elementor-column elementor-col-33 elementor-top-column elementor-element elementor-element-52cc95f\" data-id=\"52cc95f\" data-element_type=\"column\" data-e-type=\"column\">\n\t\t\t<div class=\"elementor-widget-wrap elementor-element-populated\">\n\t\t\t\t\t\t<div class=\"elementor-element elementor-element-a5dfdb7 elementor-widget elementor-widget-text-editor\" data-id=\"a5dfdb7\" data-element_type=\"widget\" data-e-type=\"widget\" data-widget_type=\"text-editor.default\">\n\t\t\t\t<div class=\"elementor-widget-container\">\n\t\t\t\t\t\t\t\t\t<h3>6<\/h3><p>Nous vous recommanderons des manufacturiers et entrepreneurs de confiance.<\/p>\t\t\t\t\t\t\t\t<\/div>\n\t\t\t\t<\/div>\n\t\t\t\t\t<\/div>\n\t\t<\/div>\n\t\t\t\t\t<\/div>\n\t\t<\/section>\n\t\t\t\t<section class=\"elementor-section elementor-top-section elementor-element elementor-element-f4f3ca5 elementor-section-boxed elementor-section-height-default elementor-section-height-default\" data-id=\"f4f3ca5\" data-element_type=\"section\" data-e-type=\"section\">\n\t\t\t\t\t\t<div class=\"elementor-container elementor-column-gap-default\">\n\t\t\t\t\t<div class=\"elementor-column elementor-col-33 elementor-top-column elementor-element elementor-element-5277060\" data-id=\"5277060\" data-element_type=\"column\" data-e-type=\"column\">\n\t\t\t<div class=\"elementor-widget-wrap elementor-element-populated\">\n\t\t\t\t\t\t<div class=\"elementor-element elementor-element-e96a5e5 elementor-widget elementor-widget-text-editor\" data-id=\"e96a5e5\" data-element_type=\"widget\" data-e-type=\"widget\" data-widget_type=\"text-editor.default\">\n\t\t\t\t<div class=\"elementor-widget-container\">\n\t\t\t\t\t\t\t\t\t<h3>7<\/h3><p>Nous g\u00e9rerons votre projet avec professionalisme, respect et par dessus tout avec int\u00e9grit\u00e9.<\/p>\t\t\t\t\t\t\t\t<\/div>\n\t\t\t\t<\/div>\n\t\t\t\t\t<\/div>\n\t\t<\/div>\n\t\t\t\t<div class=\"elementor-column elementor-col-33 elementor-top-column elementor-element elementor-element-3bd3a13\" data-id=\"3bd3a13\" data-element_type=\"column\" data-e-type=\"column\">\n\t\t\t<div class=\"elementor-widget-wrap elementor-element-populated\">\n\t\t\t\t\t\t<div class=\"elementor-element elementor-element-a96ece4 elementor-widget elementor-widget-text-editor\" data-id=\"a96ece4\" data-element_type=\"widget\" data-e-type=\"widget\" data-widget_type=\"text-editor.default\">\n\t\t\t\t<div class=\"elementor-widget-container\">\n\t\t\t\t\t\t\t\t\t<h3>8<\/h3><p>Nous prendrons en consid\u00e9ration l\u2019impact environmental pour tout notre travail.<\/p>\t\t\t\t\t\t\t\t<\/div>\n\t\t\t\t<\/div>\n\t\t\t\t\t<\/div>\n\t\t<\/div>\n\t\t\t\t<div class=\"elementor-column elementor-col-33 elementor-top-column elementor-element elementor-element-42581e5\" data-id=\"42581e5\" data-element_type=\"column\" data-e-type=\"column\">\n\t\t\t<div class=\"elementor-widget-wrap elementor-element-populated\">\n\t\t\t\t\t\t<div class=\"elementor-element elementor-element-6af22c2 elementor-widget elementor-widget-text-editor\" data-id=\"6af22c2\" data-element_type=\"widget\" data-e-type=\"widget\" data-widget_type=\"text-editor.default\">\n\t\t\t\t<div class=\"elementor-widget-container\">\n\t\t\t\t\t\t\t\t\t<h3>9<\/h3><p>Nous serons honn\u00eates et ouverts avec vous\u00a0 dans le cas ou on diff\u00e9rera d\u2019opinions.<\/p>\t\t\t\t\t\t\t\t<\/div>\n\t\t\t\t<\/div>\n\t\t\t\t\t<\/div>\n\t\t<\/div>\n\t\t\t\t\t<\/div>\n\t\t<\/section>\n\t\t\t\t<section class=\"elementor-section elementor-top-section elementor-element elementor-element-39f040d elementor-section-full_width container-fluid bg-light elementor-section-height-default elementor-section-height-default\" data-id=\"39f040d\" data-element_type=\"section\" data-e-type=\"section\">\n\t\t\t\t\t\t<div class=\"elementor-container elementor-column-gap-no\">\n\t\t\t\t\t<div class=\"elementor-column elementor-col-100 elementor-top-column elementor-element elementor-element-dbc1a57\" data-id=\"dbc1a57\" data-element_type=\"column\" data-e-type=\"column\">\n\t\t\t<div class=\"elementor-widget-wrap elementor-element-populated\">\n\t\t\t\t\t\t<section class=\"elementor-section elementor-inner-section elementor-element elementor-element-00a45b0 bg-accent-primary-3 elementor-section-full_width elementor-section-height-default elementor-section-height-default\" data-id=\"00a45b0\" data-element_type=\"section\" data-e-type=\"section\">\n\t\t\t\t\t\t<div class=\"elementor-container elementor-column-gap-no\">\n\t\t\t\t\t<div class=\"elementor-column elementor-col-100 elementor-inner-column elementor-element elementor-element-b492920\" data-id=\"b492920\" data-element_type=\"column\" data-e-type=\"column\">\n\t\t\t<div class=\"elementor-widget-wrap elementor-element-populated\">\n\t\t\t\t\t\t<div class=\"elementor-element elementor-element-8513643 elementor-widget elementor-widget-cassio-widget-call-to-action\" data-id=\"8513643\" data-element_type=\"widget\" data-e-type=\"widget\" data-widget_type=\"cassio-widget-call-to-action.default\">\n\t\t\t\t<div class=\"elementor-widget-container\">\n\t\t\t\t\t\n\t\t<div class=\"section section-content section-cta section-image section_z-100 section_pt section_pb\" data-os-animation=\"\">\n\t\t\t\t\t\t<div class=\"section__content\">\n\t\t\t\t<div class=\"container\">\n\t\t\t\t\t<div class=\"row justify-content-center text-center\">\n\t\t\t\t\t\t<div class=\"col-lg-8\">\n\t\t\t\t\t\t\t<header class=\"section-cta__header\">\n\t\t\t\t\t\t\t\t<div class=\"split-text js-split-text\" data-split-text-type=\"lines\" data-split-text-set=\"lines\"><h2>Vous avez un projet en t\u00eate?<\/h2><p>Any no each like up be is next neat. Put not enjoyment behaviour her supposing.<\/p><\/div>\n\t\t\t\t\t\t\t<\/header>\n\t\t\t\t\t\t\t\t\t\t\t\t\t\t\t<div class=\"section-cta__wrapper-button section-content__wrapper-button\">\n\t\t\t\t\t\t\t\t\t\t\t\t\t\t\t\t\t\t\t<a class=\"button button_icon bg-accent-primary-2\" href=\"https:\/\/site-dev.ca\/2434SM\/contacts\/\" rel=\"nofollow\">\n\t\t\t\t\t\t\t\t\t\t\t<div class=\"button__label\" >\n\t\t\t\t\t\t\t\t\t\t\t\t<span >Let's Talk<\/span>\n\t\t\t\t\t\t\t\t\t\t\t<\/div>\n\t\t\t\t\t\t\t\t\t\t\t<div class=\"button__icon\"><i class=\"material-icons\">keyboard_arrow_right<\/i><\/div>\n\t\t\t\t\t\t\t\t\t\t<\/a>\n\t\t\t\t\t\t\t\t\t\t\t\t\t\t\t\t\t<\/div>\n\t\t\t\t\t\t\t\t\t\t\t\t\t<\/div>\n\t\t\t\t\t<\/div>\n\t\t\t\t<\/div>\n\t\t\t<\/div>\n\t\t\t\t\t\t\t\t\t\t\t\t\t\t\t\t\t\t\t\t\t<div class=\"section-image__wrapper section-image__wrapper_absolute\" >\n\t\t\t\t\t\t\t\t\t\t\t<div class=\"art-parallax__wrapper\">\n\t\t\t\t\t\t\t\t\t\t\t\t\t<video class=\"art-parallax__bg of-cover\" src=\"https:\/\/thedesignerguys.ca\/wp-content\/uploads\/2019\/09\/interior-1_1.mp4\" playsinline loop muted autoplay><\/video>\n\t\t\t\t\t\t\t\t\t\t\t  <\/div>\n\t\t\t\t\t\t\t\t\t\t\t<div class=\"overlay overlay_dark section-image__overlay\"><\/div>\n\t\t\t\t\t\t\t\t\t\t\t<\/div>\n\t\t\t\t\t\t\t\t\t\t\t\t<\/div>\n\n\t\t\t\t\t\t<\/div>\n\t\t\t\t<\/div>\n\t\t\t\t\t<\/div>\n\t\t<\/div>\n\t\t\t\t\t<\/div>\n\t\t<\/section>\n\t\t\t\t\t<\/div>\n\t\t<\/div>\n\t\t\t\t\t<\/div>\n\t\t<\/section>\n\t\t\t\t<\/div>\n\t\t","protected":false},"excerpt":{"rendered":"<p>Bernacki &amp; Beaudry Design est fier de c\u00e9l\u00e9brer ses 33 ans en affaires. Il est temps d\u2019expliquer pourquoi nous sommes loin devant nos comp\u00e9titeurs en design\/cr\u00e9ation dans notre r\u00e9gion. Ce sont notre approche et notre originalit\u00e9 qui ont pav\u00e9s le succ\u00e8s qui nous distingue. La meilleure preuve est le retour r\u00e9gulier de notre pr\u00e9cieuse client\u00e8le. [&hellip;]<\/p>\n","protected":false},"author":1,"featured_media":0,"parent":0,"menu_order":0,"comment_status":"closed","ping_status":"closed","template":"","meta":{"_acf_changed":false,"footnotes":""},"class_list":["post-4255","page","type-page","status-publish","hentry"],"acf":[],"_links":{"self":[{"href":"https:\/\/thedesignerguys.ca\/fr\/wp-json\/wp\/v2\/pages\/4255","targetHints":{"allow":["GET"]}}],"collection":[{"href":"https:\/\/thedesignerguys.ca\/fr\/wp-json\/wp\/v2\/pages"}],"about":[{"href":"https:\/\/thedesignerguys.ca\/fr\/wp-json\/wp\/v2\/types\/page"}],"author":[{"embeddable":true,"href":"https:\/\/thedesignerguys.ca\/fr\/wp-json\/wp\/v2\/users\/1"}],"replies":[{"embeddable":true,"href":"https:\/\/thedesignerguys.ca\/fr\/wp-json\/wp\/v2\/comments?post=4255"}],"version-history":[{"count":5,"href":"https:\/\/thedesignerguys.ca\/fr\/wp-json\/wp\/v2\/pages\/4255\/revisions"}],"predecessor-version":[{"id":4360,"href":"https:\/\/thedesignerguys.ca\/fr\/wp-json\/wp\/v2\/pages\/4255\/revisions\/4360"}],"wp:attachment":[{"href":"https:\/\/thedesignerguys.ca\/fr\/wp-json\/wp\/v2\/media?parent=4255"}],"curies":[{"name":"wp","href":"https:\/\/api.w.org\/{rel}","templated":true}]}}