{"id":4253,"date":"2020-04-16T09:46:59","date_gmt":"2020-04-16T13:46:59","guid":{"rendered":"https:\/\/site-dev.ca\/2434SM\/services\/"},"modified":"2021-01-12T12:34:11","modified_gmt":"2021-01-12T17:34:11","slug":"services","status":"publish","type":"page","link":"https:\/\/thedesignerguys.ca\/fr\/services\/","title":{"rendered":"Services"},"content":{"rendered":"\t\t<div data-elementor-type=\"wp-page\" data-elementor-id=\"4253\" class=\"elementor elementor-4253 elementor-2512\">\n\t\t\t\t\t\t<section class=\"elementor-section elementor-top-section elementor-element elementor-element-4c85635 elementor-section-boxed elementor-section-height-default elementor-section-height-default\" data-id=\"4c85635\" data-element_type=\"section\" data-e-type=\"section\">\n\t\t\t\t\t\t<div class=\"elementor-container elementor-column-gap-default\">\n\t\t\t\t\t<div class=\"elementor-column elementor-col-50 elementor-top-column elementor-element elementor-element-3b07995\" data-id=\"3b07995\" data-element_type=\"column\" data-e-type=\"column\">\n\t\t\t<div class=\"elementor-widget-wrap elementor-element-populated\">\n\t\t\t\t\t\t<div class=\"elementor-element elementor-element-3450a3a elementor-widget elementor-widget-cassio-widget-content-block\" data-id=\"3450a3a\" data-element_type=\"widget\" data-e-type=\"widget\" data-widget_type=\"cassio-widget-content-block.default\">\n\t\t\t\t<div class=\"elementor-widget-container\">\n\t\t\t\t\t\t\t<div class=\"section section-content section-content_columns section-content_has-headline\" data-os-animation=\"\">\n\t\t\t<div class=\"row justify-content-start\">\n\t\t\t\t<div class=\"col-12 section-content__header col-lg-12\">\n\t\t\t\t\t<div class=\"split-text js-split-text\" data-split-text-type=\"lines\" data-split-text-set=\"lines\"><h4>Consultations pour design <br \/>int\u00e9rieur r\u00e9sidentiel <\/h4><\/div>\n\t\t\t\t\t\t\t\t\t\t\t<div class=\"section__headline section-content__headline mr-auto text-left\"><\/div>\n\t\t\t\t\t\t\t\t\t<\/div>\n\t\t\t\t\t\t\t\t\t\t\t\t\t\t\t\t\t<div class=\"col-12 section-content__content col-lg-12\">\n\t\t\t\t\t\t<div class=\"split-text js-split-text\" data-split-text-type=\"lines\" data-split-text-set=\"lines\">\n<img fetchpriority=\"high\" decoding=\"async\" class=\"alignnone size-full wp-image-2682\" src=\"https:\/\/site-dev.ca\/2434SM\/wp-content\/uploads\/2020\/04\/residential-1.jpg\" alt=\"\" width=\"668\" height=\"441\" srcset=\"https:\/\/thedesignerguys.ca\/wp-content\/uploads\/2020\/04\/residential-1.jpg 668w, https:\/\/thedesignerguys.ca\/wp-content\/uploads\/2020\/04\/residential-1-300x198.jpg 300w\" sizes=\"(max-width: 668px) 100vw, 668px\" \/>\n\nSi vous avez besoin d\u2019aide pour un projet, ou ne savez pas par quel bout commencer ou vous voulez seulement des conseils, Bernacki &amp; Beaudry Design offre un service de consultation.\n\nCe rendez-vous sur les lieux de votre projet inclus mais n\u2019est pas limit\u00e9 \u00e0\u00a0:\n<ul>\n \t<li>style et vision du projet<\/li>\n \t<li>la s\u00e9lection des couleurs (peinture)<\/li>\n \t<li>suggestion de meuble plac\u00e9 au bon endroit<\/li>\n \t<li>valorisation des fen\u00eatres<\/li>\n \t<li>finition pour valoriser vos murs, avec focus sur certains \u00e9l\u00e9ments<\/li>\n \t<li>les encastr\u00e9s<\/li>\n \t<li>le bon dosage dans les proportions avec le design global<\/li>\n \t<li>tapis et planchers (couleur et dimension)<\/li>\n \t<li>accessoires, pi\u00e8ce d\u2019arts, sculpture et concept d\u2019\u00e9clairage<\/li>\n \t<li>conseil sur la r\u00e9novation et\/ou construction<\/li>\n \t<li>r\u00e9f\u00e9rence de travailleurs avec cote A-1<\/li>\n \t<li>croquis et illustration<\/li>\n<\/ul><\/div>\n\t\t\t\t\t<\/div>\n\t\t\t\t\t\t\t\t\t\t\t<\/div>\n\t\t<\/div>\n\n\t\t\t\t\t\t<\/div>\n\t\t\t\t<\/div>\n\t\t\t\t\t<\/div>\n\t\t<\/div>\n\t\t\t\t<div class=\"elementor-column elementor-col-50 elementor-top-column elementor-element elementor-element-622fee2\" data-id=\"622fee2\" data-element_type=\"column\" data-e-type=\"column\">\n\t\t\t<div class=\"elementor-widget-wrap elementor-element-populated\">\n\t\t\t\t\t\t<div class=\"elementor-element elementor-element-6e17e6f elementor-widget elementor-widget-cassio-widget-content-block\" data-id=\"6e17e6f\" data-element_type=\"widget\" data-e-type=\"widget\" data-widget_type=\"cassio-widget-content-block.default\">\n\t\t\t\t<div class=\"elementor-widget-container\">\n\t\t\t\t\t\t\t<div class=\"section section-content section-content_columns section-content_has-headline\" data-os-animation=\"\">\n\t\t\t<div class=\"row justify-content-start\">\n\t\t\t\t<div class=\"col-12 section-content__header col-lg-12\">\n\t\t\t\t\t<div class=\"split-text js-split-text\" data-split-text-type=\"lines\" data-split-text-set=\"lines\"><h4>D\u00e9coration commerciale et <br>design int\u00e9rieur de r\u00e9ception<\/h4><\/div>\n\t\t\t\t\t\t\t\t\t\t\t<div class=\"section__headline section-content__headline mr-auto text-left\"><\/div>\n\t\t\t\t\t\t\t\t\t<\/div>\n\t\t\t\t\t\t\t\t\t\t\t\t\t\t\t\t\t<div class=\"col-12 section-content__content col-lg-12\">\n\t\t\t\t\t\t<div class=\"split-text js-split-text\" data-split-text-type=\"lines\" data-split-text-set=\"lines\">\n<img decoding=\"async\" class=\"alignnone size-full wp-image-2686\" src=\"https:\/\/site-dev.ca\/2434SM\/wp-content\/uploads\/2020\/04\/commercial.jpg\" alt=\"\" width=\"668\" height=\"441\" srcset=\"https:\/\/thedesignerguys.ca\/wp-content\/uploads\/2020\/04\/commercial.jpg 668w, https:\/\/thedesignerguys.ca\/wp-content\/uploads\/2020\/04\/commercial-300x198.jpg 300w\" sizes=\"(max-width: 668px) 100vw, 668px\" \/>\n\nQuel que soit votre champ d\u2019activit\u00e9, trouver des moyens d\u2019augmenter votre profit est toujours le but ultime.\n\nCependant, vous ne faites peut-\u00eatre pas le maximum pour faire voir votre outil de marketing le plus important.\n\nVotre espace commercial influence directement la perception du public sur votre entreprise, la d\u00e9cision de vos clients et la productivit\u00e9 de vos employ\u00e9s.\n\nMaximisez le potentiel de cet espace avec un design commercial professionnel. Bernacki &amp; Beaudry Design comprend la subtilit\u00e9 et le langage psychologique sous-jacent au design commercial. Que vous vouliez am\u00e9nager dans un nouvel emplacement ou simplement revitaliser votre espace actuel, nous travaillerons selon votre budget et le temps allou\u00e9 pour cr\u00e9er un environnement qui refl\u00e8te bien tout ce que votre activit\u00e9 commerciale a \u00e0 offrir.\n\n&nbsp;<\/div>\n\t\t\t\t\t<\/div>\n\t\t\t\t\t\t\t\t\t\t\t<\/div>\n\t\t<\/div>\n\n\t\t\t\t\t\t<\/div>\n\t\t\t\t<\/div>\n\t\t\t\t\t<\/div>\n\t\t<\/div>\n\t\t\t\t\t<\/div>\n\t\t<\/section>\n\t\t\t\t<section class=\"elementor-section elementor-top-section elementor-element elementor-element-232947b elementor-section-boxed elementor-section-height-default elementor-section-height-default\" data-id=\"232947b\" data-element_type=\"section\" data-e-type=\"section\">\n\t\t\t\t\t\t<div class=\"elementor-container elementor-column-gap-default\">\n\t\t\t\t\t<div class=\"elementor-column elementor-col-50 elementor-top-column elementor-element elementor-element-5b02dfa\" data-id=\"5b02dfa\" data-element_type=\"column\" data-e-type=\"column\">\n\t\t\t<div class=\"elementor-widget-wrap elementor-element-populated\">\n\t\t\t\t\t\t<div class=\"elementor-element elementor-element-0817557 elementor-widget elementor-widget-cassio-widget-content-block\" data-id=\"0817557\" data-element_type=\"widget\" data-e-type=\"widget\" data-widget_type=\"cassio-widget-content-block.default\">\n\t\t\t\t<div class=\"elementor-widget-container\">\n\t\t\t\t\t\t\t<div class=\"section section-content section-content_columns section-content_has-headline\" data-os-animation=\"\">\n\t\t\t<div class=\"row justify-content-start\">\n\t\t\t\t<div class=\"col-12 section-content__header col-lg-12\">\n\t\t\t\t\t<div class=\"split-text js-split-text\" data-split-text-type=\"lines\" data-split-text-set=\"lines\"><h4>D\u00e9cor de fleurs et plantes artificielles vente et installation<\/h4><\/div>\n\t\t\t\t\t\t\t\t\t\t\t<div class=\"section__headline section-content__headline mr-auto text-left\"><\/div>\n\t\t\t\t\t\t\t\t\t<\/div>\n\t\t\t\t\t\t\t\t\t\t\t\t\t\t\t\t\t<div class=\"col-12 section-content__content col-lg-12\">\n\t\t\t\t\t\t<div class=\"split-text js-split-text\" data-split-text-type=\"lines\" data-split-text-set=\"lines\">\n<img decoding=\"async\" class=\"alignnone size-full wp-image-2684\" src=\"https:\/\/site-dev.ca\/2434SM\/wp-content\/uploads\/2020\/04\/artificial-1.jpg\" alt=\"\" width=\"668\" height=\"441\" srcset=\"https:\/\/thedesignerguys.ca\/wp-content\/uploads\/2020\/04\/artificial-1.jpg 668w, https:\/\/thedesignerguys.ca\/wp-content\/uploads\/2020\/04\/artificial-1-300x198.jpg 300w\" sizes=\"(max-width: 668px) 100vw, 668px\" \/>\n\nBernacki\u00a0 &amp; Beaudry Design sont \u00a0dans le commerce de fleurs artificielles depuis plus de 30 ans dans la r\u00e9gion Gatineau\/Ottawa et aussi \u00e0 Orlando en Floride.\n\nNous sommes reconnus pour nos arrangements uniques et nos contenants d\u2019une originalit\u00e9 incomparable. Nous offrons \u00e9galement une ligne compl\u00e8te d\u2019arbres d\u2019int\u00e9rieurs et\/ou d\u2019ext\u00e9rieurs de m\u00eame que des plantes et fleurs d\u00e9coratives pour l\u2019int\u00e9rieur.\n\nNoua adorons inclure ces items dans nos projets de design int\u00e9rieur.<\/div>\n\t\t\t\t\t<\/div>\n\t\t\t\t\t\t\t\t\t\t\t<\/div>\n\t\t<\/div>\n\n\t\t\t\t\t\t<\/div>\n\t\t\t\t<\/div>\n\t\t\t\t\t<\/div>\n\t\t<\/div>\n\t\t\t\t<div class=\"elementor-column elementor-col-50 elementor-top-column elementor-element elementor-element-7ec15e0\" data-id=\"7ec15e0\" data-element_type=\"column\" data-e-type=\"column\">\n\t\t\t<div class=\"elementor-widget-wrap elementor-element-populated\">\n\t\t\t\t\t\t<div class=\"elementor-element elementor-element-96c1a91 elementor-widget elementor-widget-cassio-widget-content-block\" data-id=\"96c1a91\" data-element_type=\"widget\" data-e-type=\"widget\" data-widget_type=\"cassio-widget-content-block.default\">\n\t\t\t\t<div class=\"elementor-widget-container\">\n\t\t\t\t\t\t\t<div class=\"section section-content section-content_columns section-content_has-headline\" data-os-animation=\"\">\n\t\t\t<div class=\"row justify-content-start\">\n\t\t\t\t<div class=\"col-12 section-content__header col-lg-12\">\n\t\t\t\t\t<div class=\"split-text js-split-text\" data-split-text-type=\"lines\" data-split-text-set=\"lines\"><h4>Paysagement et <br \/>design ext\u00e9rieur<\/h4><\/div>\n\t\t\t\t\t\t\t\t\t\t\t<div class=\"section__headline section-content__headline mr-auto text-left\"><\/div>\n\t\t\t\t\t\t\t\t\t<\/div>\n\t\t\t\t\t\t\t\t\t\t\t\t\t\t\t\t\t<div class=\"col-12 section-content__content col-lg-12\">\n\t\t\t\t\t\t<div class=\"split-text js-split-text\" data-split-text-type=\"lines\" data-split-text-set=\"lines\">\n<img loading=\"lazy\" decoding=\"async\" src=\"https:\/\/site-dev.ca\/2434SM\/wp-content\/uploads\/2020\/04\/landscape-1.jpg\" alt=\"\" width=\"668\" height=\"441\" \/>\n\nBernacki &amp; Beaudry Design cr\u00e9e des espaces conviviaux qui refl\u00e8tent bien les besoins uniques de chaque client. Notre approche transformera votre patio, balcon, jardin ou toiture (rooftop) en un sanctuaire de repos.\n\nNous vous proposons un service complet \u00e0 partir de la consultation, le design, jusqu\u2019\u00e0 compl\u00e9ter un plan et la r\u00e9alisation du projet.\n\nDurant le proc\u00e9d\u00e9, nous nous engageons \u00e0 favoriser l\u2019achat de source organique et soutenu de biens exclusifs con\u00e7us localement.\n\nAvec notre vision et notre m\u00e9ticuleuse attention, Bernacki &amp; Beaudry Design comprend les besoins, le r\u00eave et le budget de ses clients pour s\u2019assurer que notre design du jardin est \u00e0 la mesure du style de vie de chaque individu.<\/div>\n\t\t\t\t\t<\/div>\n\t\t\t\t\t\t\t\t\t\t\t<\/div>\n\t\t<\/div>\n\n\t\t\t\t\t\t<\/div>\n\t\t\t\t<\/div>\n\t\t\t\t\t<\/div>\n\t\t<\/div>\n\t\t\t\t\t<\/div>\n\t\t<\/section>\n\t\t\t\t<\/div>\n\t\t","protected":false},"excerpt":{"rendered":"<p>Consultations pour design int\u00e9rieur r\u00e9sidentiel Si vous avez besoin d\u2019aide pour un projet, ou ne savez pas par quel bout commencer ou vous voulez seulement des conseils, Bernacki &amp; Beaudry Design offre un service de consultation. Ce rendez-vous sur les lieux de votre projet inclus mais n\u2019est pas limit\u00e9 \u00e0\u00a0: style et vision du projet [&hellip;]<\/p>\n","protected":false},"author":1,"featured_media":0,"parent":0,"menu_order":0,"comment_status":"closed","ping_status":"closed","template":"","meta":{"_acf_changed":false,"footnotes":""},"class_list":["post-4253","page","type-page","status-publish","hentry"],"acf":[],"_links":{"self":[{"href":"https:\/\/thedesignerguys.ca\/fr\/wp-json\/wp\/v2\/pages\/4253","targetHints":{"allow":["GET"]}}],"collection":[{"href":"https:\/\/thedesignerguys.ca\/fr\/wp-json\/wp\/v2\/pages"}],"about":[{"href":"https:\/\/thedesignerguys.ca\/fr\/wp-json\/wp\/v2\/types\/page"}],"author":[{"embeddable":true,"href":"https:\/\/thedesignerguys.ca\/fr\/wp-json\/wp\/v2\/users\/1"}],"replies":[{"embeddable":true,"href":"https:\/\/thedesignerguys.ca\/fr\/wp-json\/wp\/v2\/comments?post=4253"}],"version-history":[{"count":5,"href":"https:\/\/thedesignerguys.ca\/fr\/wp-json\/wp\/v2\/pages\/4253\/revisions"}],"predecessor-version":[{"id":4327,"href":"https:\/\/thedesignerguys.ca\/fr\/wp-json\/wp\/v2\/pages\/4253\/revisions\/4327"}],"wp:attachment":[{"href":"https:\/\/thedesignerguys.ca\/fr\/wp-json\/wp\/v2\/media?parent=4253"}],"curies":[{"name":"wp","href":"https:\/\/api.w.org\/{rel}","templated":true}]}}